{"id":42,"date":"2023-02-03T09:11:04","date_gmt":"2023-02-03T02:11:04","guid":{"rendered":"https:\/\/gioithieucongty.ninhbinhweb.site\/?page_id=42"},"modified":"2025-05-08T17:01:50","modified_gmt":"2025-05-08T10:01:50","slug":"our-farms","status":"publish","type":"page","link":"https:\/\/vuontieuhaiduong.com\/vi\/our-farms\/","title":{"rendered":"Our Farms"},"content":{"rendered":"\n  <div class=\"banner has-hover banner-dau-trang\" id=\"banner-605057808\">\n          <div class=\"banner-inner fill\">\n        <div class=\"banner-bg fill\" >\n            <img loading=\"lazy\" decoding=\"async\" width=\"1324\" height=\"540\" src=\"https:\/\/vuontieuhaiduong.com\/wp-content\/uploads\/2025\/05\/Picture2.jpg\" class=\"bg attachment-original size-original\" alt=\"\" \/>                        <div class=\"overlay\"><\/div>            \n                    <\/div>\n\t\t\n        <div class=\"banner-layers container\">\n            <div class=\"fill banner-link\"><\/div>            \n   <div id=\"text-box-1160399297\" class=\"text-box banner-layer x50 md-x50 lg-x50 y70 md-y70 lg-y70 res-text\">\n                                <div class=\"text-box-content text dark\">\n              \n              <div class=\"text-inner text-center\">\n                  \n<h2 style=\"font-size: 55px; font-weight: bold; letter-spacing: -1px; margin: 0; text-align: left;\">\n  V\u01b0\u1eddn tr\u1ea1i c\u1ee7a ch\u00fang t\u00f4i<br \/>\n<\/h2>\n              <\/div>\n           <\/div>\n                            \n<style>\n#text-box-1160399297 {\n  width: 83%;\n}\n#text-box-1160399297 .text-box-content {\n  font-size: 100%;\n}\n<\/style>\n    <\/div>\n \n        <\/div>\n      <\/div>\n\n            \n<style>\n#banner-605057808 {\n  padding-top: 30%;\n}\n#banner-605057808 .overlay {\n  background-color: rgba(0,0,0,.5);\n}\n<\/style>\n  <\/div>\n\n\n\n\t<section class=\"section section1 section1-1\" id=\"section_1249875371\">\n\t\t<div class=\"section-bg fill\" >\n\t\t\t\t\t\t\t\t\t\n\t\t\t\n\n\t\t<\/div>\n\n\t\t\n\n\t\t<div class=\"section-content relative\">\n\t\t\t\n<div class=\"row row2\"  id=\"row-1844059613\">\n\n\t<div id=\"col-1566536865\" class=\"col small-12 large-12\"  >\n\t\t\t\t<div class=\"col-inner text-center\"  >\n\t\t\t\n\t\t\t\n\t<div id=\"text-3676384151\" class=\"text\">\n\t\t\n<p style=\"font-size: 18px\">\nKhi \u0111\u1ebfn v\u1edbi V\u01b0\u1eddn Ti\u00eau Hai D\u01b0\u01a1ng, \u0111i\u1ec1u \u0111\u1ea7u ti\u00ean b\u1ea1n s\u1ebd nh\u1eadn th\u1ea5y l\u00e0 kh\u00f4ng kh\u00ed trong l\u00e0nh v\u00e0 v\u1ebb \u0111\u1eb9p t\u1ef1 nhi\u00ean c\u1ee7a nh\u1eefng h\u00e0ng ti\u00eau xanh m\u01b0\u1edbt. M\u1ecdi th\u1ee9 kh\u00f4ng ph\u1ea3i ng\u1eabu nhi\u00ean m\u00e0 c\u00f3.<\/p>\n\t\t\n<style>\n#text-3676384151 {\n  text-align: left;\n}\n<\/style>\n\t<\/div>\n\t\n\t<div id=\"text-3892165249\" class=\"text\">\n\t\t\n<p style=\"font-size: 18px\">Ch\u00fang t\u00f4i t\u1ef1 h\u00e0o duy tr\u00ec ph\u01b0\u01a1ng ph\u00e1p canh t\u00e1c t\u1ef1 nhi\u00ean qua h\u01a1n 50 n\u0103m, t\u1eeb th\u1eddi \u00f4ng n\u1ed9i \u0111\u1ebfn cha t\u00f4i v\u00e0 nay l\u00e0 th\u1ebf h\u1ec7 c\u1ee7a ch\u00fang t\u00f4i. Kh\u00f4ng s\u1eed d\u1ee5ng h\u00f3a ch\u1ea5t, ch\u00fang t\u00f4i t\u1eadn d\u1ee5ng ph\u00e2n b\u00f3n t\u1eeb c\u00e1 v\u00e0 ph\u00e2n b\u00f2, ch\u0103m s\u00f3c c\u00e2y theo m\u00f9a \u0111\u1ec3 b\u1ea3o v\u1ec7 \u0111\u1ea5t \u0111ai v\u00e0 m\u00f4i tr\u01b0\u1eddng. Ph\u01b0\u01a1ng ph\u00e1p n\u00e0y kh\u00f4ng ch\u1ec9 b\u1ec1n v\u1eefng m\u00e0 c\u00f2n mang l\u1ea1i nh\u1eefng h\u1ea1t ti\u00eau ch\u1ea5t l\u01b0\u1ee3ng, \u0111\u1eadm \u0111\u00e0 h\u01b0\u01a1ng v\u1ecb.\n<\/p>\n\t\t\n<style>\n#text-3892165249 {\n  text-align: left;\n}\n<\/style>\n\t<\/div>\n\t\n\t<div id=\"text-3597898111\" class=\"text\">\n\t\t\n<h3 style=\"font-size: 30px;\">\nTi\u00eau chu\u1ea9n t\u1ef1 nhi\u00ean c\u1ee7a ch\u00fang t\u00f4i<br \/>\n<\/h3>\n\t\t\n<style>\n#text-3597898111 {\n  text-align: left;\n}\n<\/style>\n\t<\/div>\n\t\n\t<div class=\"img has-hover x md-x lg-x y md-y lg-y\" id=\"image_1627774374\">\n\t\t\t\t\t\t\t\t<div class=\"img-inner image-cover dark\" style=\"padding-top:20%;margin:0px 0px 40px 0px;\">\n\t\t\t<img loading=\"lazy\" decoding=\"async\" width=\"1476\" height=\"1263\" src=\"https:\/\/vuontieuhaiduong.com\/wp-content\/uploads\/2025\/05\/Picture3.jpg\" class=\"attachment-original size-original\" alt=\"\" srcset=\"https:\/\/vuontieuhaiduong.com\/wp-content\/uploads\/2025\/05\/Picture3.jpg 1476w, https:\/\/vuontieuhaiduong.com\/wp-content\/uploads\/2025\/05\/Picture3-300x257.jpg 300w, https:\/\/vuontieuhaiduong.com\/wp-content\/uploads\/2025\/05\/Picture3-1024x876.jpg 1024w, https:\/\/vuontieuhaiduong.com\/wp-content\/uploads\/2025\/05\/Picture3-768x657.jpg 768w, https:\/\/vuontieuhaiduong.com\/wp-content\/uploads\/2025\/05\/Picture3-600x513.jpg 600w\" sizes=\"auto, (max-width: 1476px) 100vw, 1476px\" \/>\t\t\t\t\t\t\n\t\t\t\t\t<\/div>\n\t\t\t\t\t\t\t\t\n<style>\n#image_1627774374 {\n  width: 100%;\n}\n<\/style>\n\t<\/div>\n\t\n\t<div id=\"text-2471179892\" class=\"text\">\n\t\t\n<p style=\"font-size: 18px\">\nH\u01b0\u01a1ng v\u1ecb \u0111\u1eb7c tr\u01b0ng c\u1ee7a ti\u00eau Ph\u00fa Qu\u1ed1c t\u1ea1i V\u01b0\u1eddn Ti\u00eau Hai D\u01b0\u01a1ng \u0111\u1ebfn t\u1eeb c\u00e1ch ch\u00fang t\u00f4i ch\u0103m s\u00f3c c\u00e2y ti\u00eau. Ti\u00eau chu\u1ea9n canh t\u00e1c t\u1ef1 nhi\u00ean c\u1ee7a ch\u00fang t\u00f4i \u0111\u1ea3m b\u1ea3o c\u00e2y ti\u00eau \u0111\u01b0\u1ee3c ph\u00e1t tri\u1ec3n h\u00e0i h\u00f2a v\u1edbi thi\u00ean nhi\u00ean.\n<\/p>\n\t\t\n<style>\n#text-2471179892 {\n  text-align: left;\n}\n<\/style>\n\t<\/div>\n\t\n\t<div id=\"text-1629991074\" class=\"text\">\n\t\t\n<p style=\"font-size: 18px\">\nC\u00e2y ti\u00eau \u0111\u01b0\u1ee3c tr\u1ed3ng v\u00e0 ch\u0103m s\u00f3c ho\u00e0n to\u00e0n t\u1ef1 nhi\u00ean, t\u1eeb vi\u1ec7c b\u00f3n ph\u00e2n h\u1eefu c\u01a1 \u0111\u1ebfn vi\u1ec7c thu ho\u1ea1ch th\u1ee7 c\u00f4ng t\u1eeb th\u00e1ng 12 \u0111\u1ebfn th\u00e1ng 3 \u00e2m l\u1ecbch. Ch\u00fang t\u00f4i t\u1ec9 m\u1ec9 ch\u1ecdn nh\u1eefng qu\u1ea3 ch\u00edn \u0111\u1ecf v\u00e0 xanh to \u0111\u1ec3 ph\u01a1i kh\u00f4, t\u1ea1o ra h\u1ed3ng ti\u00eau, ti\u00eau \u0111en, v\u00e0 ng\u00e2m n\u01b0\u1edbc l\u00e0m ti\u00eau tr\u1eafng.\n<\/p>\n\t\t\n<style>\n#text-1629991074 {\n  text-align: left;\n}\n<\/style>\n\t<\/div>\n\t\n\t<div id=\"text-2156704351\" class=\"text\">\n\t\t\n<p style=\"font-size: 18px\">\nTrong nh\u1eefng m\u00f9a m\u01b0a gi\u00f3 hay n\u1eafng n\u00f3ng, ch\u00fang t\u00f4i h\u1ed7 tr\u1ee3 c\u00e2y b\u1eb1ng c\u00e1ch gia c\u1ed1 n\u1ecdc, c\u1eaft c\u1ecf, tho\u00e1t n\u01b0\u1edbc, ho\u1eb7c t\u01b0\u1edbi n\u01b0\u1edbc \u0111\u1ecbnh k\u1ef3, \u0111\u1ea3m b\u1ea3o c\u00e2y lu\u00f4n kh\u1ecfe m\u1ea1nh v\u00e0 cho ra nh\u1eefng h\u1ea1t ti\u00eau th\u01a1m ngon nh\u1ea5t.\n<\/p>\n\t\t\n<style>\n#text-2156704351 {\n  text-align: left;\n}\n<\/style>\n\t<\/div>\n\t\n\t\t<\/div>\n\t\t\t\t\n<style>\n#col-1566536865 > .col-inner {\n  padding: 0px 0px 0px 0px;\n  margin: 25px 0px 0px 0px;\n}\n<\/style>\n\t<\/div>\n\n\t\n\n<style>\n#row-1844059613 > .col > .col-inner {\n  padding: 0px 0px 0px 0px;\n}\n<\/style>\n<\/div>\n\t\t<\/div>\n\n\t\t\n<style>\n#section_1249875371 {\n  padding-top: 10px;\n  padding-bottom: 10px;\n}\n<\/style>\n\t<\/section>\n\t\n","protected":false},"excerpt":{"rendered":"","protected":false},"author":2,"featured_media":0,"parent":0,"menu_order":0,"comment_status":"closed","ping_status":"closed","template":"page-blank.php","meta":{"footnotes":""},"class_list":["post-42","page","type-page","status-publish","hentry"],"yoast_head":"<!-- This site is optimized with the Yoast SEO Premium plugin v23.9 (Yoast SEO v23.9) - https:\/\/yoast.com\/wordpress\/plugins\/seo\/ -->\n<title>Our Farms - Pepper Farm<\/title>\n<meta name=\"robots\" content=\"index, follow, max-snippet:-1, max-image-preview:large, max-video-preview:-1\" \/>\n<link rel=\"canonical\" href=\"https:\/\/vuontieuhaiduong.com\/vi\/our-farms\/\" \/>\n<meta property=\"og:locale\" content=\"vi_VN\" \/>\n<meta property=\"og:type\" content=\"article\" \/>\n<meta property=\"og:title\" content=\"Our Farms\" \/>\n<meta property=\"og:url\" content=\"https:\/\/vuontieuhaiduong.com\/vi\/our-farms\/\" \/>\n<meta property=\"og:site_name\" content=\"Pepper Farm\" \/>\n<meta property=\"article:modified_time\" content=\"2025-05-08T10:01:50+00:00\" \/>\n<meta name=\"twitter:card\" content=\"summary_large_image\" \/>\n<meta name=\"twitter:label1\" content=\"Est. reading time\" \/>\n\t<meta name=\"twitter:data1\" content=\"3 minutes\" \/>\n<script type=\"application\/ld+json\" class=\"yoast-schema-graph\">{\"@context\":\"https:\/\/schema.org\",\"@graph\":[{\"@type\":\"WebPage\",\"@id\":\"https:\/\/vuontieuhaiduong.com\/vi\/our-farms\/\",\"url\":\"https:\/\/vuontieuhaiduong.com\/vi\/our-farms\/\",\"name\":\"Our Farms - Pepper Farm\",\"isPartOf\":{\"@id\":\"https:\/\/vuontieuhaiduong.com\/vi\/#website\"},\"datePublished\":\"2023-02-03T02:11:04+00:00\",\"dateModified\":\"2025-05-08T10:01:50+00:00\",\"breadcrumb\":{\"@id\":\"https:\/\/vuontieuhaiduong.com\/vi\/our-farms\/#breadcrumb\"},\"inLanguage\":\"vi-VN\",\"potentialAction\":[{\"@type\":\"ReadAction\",\"target\":[\"https:\/\/vuontieuhaiduong.com\/vi\/our-farms\/\"]}]},{\"@type\":\"BreadcrumbList\",\"@id\":\"https:\/\/vuontieuhaiduong.com\/vi\/our-farms\/#breadcrumb\",\"itemListElement\":[{\"@type\":\"ListItem\",\"position\":1,\"name\":\"Home\",\"item\":\"https:\/\/vuontieuhaiduong.com\/vi\/\"},{\"@type\":\"ListItem\",\"position\":2,\"name\":\"Our Farms\"}]},{\"@type\":\"WebSite\",\"@id\":\"https:\/\/vuontieuhaiduong.com\/vi\/#website\",\"url\":\"https:\/\/vuontieuhaiduong.com\/vi\/\",\"name\":\"Hai Duong Pepper Farm\",\"description\":\"Family farm tour\",\"publisher\":{\"@id\":\"https:\/\/vuontieuhaiduong.com\/vi\/#organization\"},\"potentialAction\":[{\"@type\":\"SearchAction\",\"target\":{\"@type\":\"EntryPoint\",\"urlTemplate\":\"https:\/\/vuontieuhaiduong.com\/vi\/?s={search_term_string}\"},\"query-input\":{\"@type\":\"PropertyValueSpecification\",\"valueRequired\":true,\"valueName\":\"search_term_string\"}}],\"inLanguage\":\"vi-VN\"},{\"@type\":\"Organization\",\"@id\":\"https:\/\/vuontieuhaiduong.com\/vi\/#organization\",\"name\":\"Hai Duong Pepper Farm\",\"url\":\"https:\/\/vuontieuhaiduong.com\/vi\/\",\"logo\":{\"@type\":\"ImageObject\",\"inLanguage\":\"vi-VN\",\"@id\":\"https:\/\/vuontieuhaiduong.com\/vi\/#\/schema\/logo\/image\/\",\"url\":\"https:\/\/vuontieuhaiduong.com\/wp-content\/uploads\/2025\/05\/Logo_v8.png\",\"contentUrl\":\"https:\/\/vuontieuhaiduong.com\/wp-content\/uploads\/2025\/05\/Logo_v8.png\",\"width\":830,\"height\":356,\"caption\":\"Hai Duong Pepper Farm\"},\"image\":{\"@id\":\"https:\/\/vuontieuhaiduong.com\/vi\/#\/schema\/logo\/image\/\"}}]}<\/script>\n<!-- \/ Yoast SEO Premium plugin. -->","yoast_head_json":{"title":"Our Farms - Pepper Farm","robots":{"index":"index","follow":"follow","max-snippet":"max-snippet:-1","max-image-preview":"max-image-preview:large","max-video-preview":"max-video-preview:-1"},"canonical":"https:\/\/vuontieuhaiduong.com\/vi\/our-farms\/","og_locale":"vi_VN","og_type":"article","og_title":"Our Farms","og_url":"https:\/\/vuontieuhaiduong.com\/vi\/our-farms\/","og_site_name":"Pepper Farm","article_modified_time":"2025-05-08T10:01:50+00:00","twitter_card":"summary_large_image","twitter_misc":{"Est. reading time":"3 minutes"},"schema":{"@context":"https:\/\/schema.org","@graph":[{"@type":"WebPage","@id":"https:\/\/vuontieuhaiduong.com\/vi\/our-farms\/","url":"https:\/\/vuontieuhaiduong.com\/vi\/our-farms\/","name":"Our Farms - Pepper Farm","isPartOf":{"@id":"https:\/\/vuontieuhaiduong.com\/vi\/#website"},"datePublished":"2023-02-03T02:11:04+00:00","dateModified":"2025-05-08T10:01:50+00:00","breadcrumb":{"@id":"https:\/\/vuontieuhaiduong.com\/vi\/our-farms\/#breadcrumb"},"inLanguage":"vi-VN","potentialAction":[{"@type":"ReadAction","target":["https:\/\/vuontieuhaiduong.com\/vi\/our-farms\/"]}]},{"@type":"BreadcrumbList","@id":"https:\/\/vuontieuhaiduong.com\/vi\/our-farms\/#breadcrumb","itemListElement":[{"@type":"ListItem","position":1,"name":"Home","item":"https:\/\/vuontieuhaiduong.com\/vi\/"},{"@type":"ListItem","position":2,"name":"Our Farms"}]},{"@type":"WebSite","@id":"https:\/\/vuontieuhaiduong.com\/vi\/#website","url":"https:\/\/vuontieuhaiduong.com\/vi\/","name":"Hai Duong Pepper Farm","description":"Family farm tour","publisher":{"@id":"https:\/\/vuontieuhaiduong.com\/vi\/#organization"},"potentialAction":[{"@type":"SearchAction","target":{"@type":"EntryPoint","urlTemplate":"https:\/\/vuontieuhaiduong.com\/vi\/?s={search_term_string}"},"query-input":{"@type":"PropertyValueSpecification","valueRequired":true,"valueName":"search_term_string"}}],"inLanguage":"vi-VN"},{"@type":"Organization","@id":"https:\/\/vuontieuhaiduong.com\/vi\/#organization","name":"Hai Duong Pepper Farm","url":"https:\/\/vuontieuhaiduong.com\/vi\/","logo":{"@type":"ImageObject","inLanguage":"vi-VN","@id":"https:\/\/vuontieuhaiduong.com\/vi\/#\/schema\/logo\/image\/","url":"https:\/\/vuontieuhaiduong.com\/wp-content\/uploads\/2025\/05\/Logo_v8.png","contentUrl":"https:\/\/vuontieuhaiduong.com\/wp-content\/uploads\/2025\/05\/Logo_v8.png","width":830,"height":356,"caption":"Hai Duong Pepper Farm"},"image":{"@id":"https:\/\/vuontieuhaiduong.com\/vi\/#\/schema\/logo\/image\/"}}]}},"_links":{"self":[{"href":"https:\/\/vuontieuhaiduong.com\/vi\/wp-json\/wp\/v2\/pages\/42","targetHints":{"allow":["GET"]}}],"collection":[{"href":"https:\/\/vuontieuhaiduong.com\/vi\/wp-json\/wp\/v2\/pages"}],"about":[{"href":"https:\/\/vuontieuhaiduong.com\/vi\/wp-json\/wp\/v2\/types\/page"}],"author":[{"embeddable":true,"href":"https:\/\/vuontieuhaiduong.com\/vi\/wp-json\/wp\/v2\/users\/2"}],"replies":[{"embeddable":true,"href":"https:\/\/vuontieuhaiduong.com\/vi\/wp-json\/wp\/v2\/comments?post=42"}],"version-history":[{"count":16,"href":"https:\/\/vuontieuhaiduong.com\/vi\/wp-json\/wp\/v2\/pages\/42\/revisions"}],"predecessor-version":[{"id":1016,"href":"https:\/\/vuontieuhaiduong.com\/vi\/wp-json\/wp\/v2\/pages\/42\/revisions\/1016"}],"wp:attachment":[{"href":"https:\/\/vuontieuhaiduong.com\/vi\/wp-json\/wp\/v2\/media?parent=42"}],"curies":[{"name":"wp","href":"https:\/\/api.w.org\/{rel}","templated":true}]}}