{"id":48,"date":"2023-02-03T09:11:42","date_gmt":"2023-02-03T02:11:42","guid":{"rendered":"https:\/\/gioithieucongty.ninhbinhweb.site\/?page_id=48"},"modified":"2025-05-08T17:26:55","modified_gmt":"2025-05-08T10:26:55","slug":"our-location","status":"publish","type":"page","link":"https:\/\/vuontieuhaiduong.com\/vi\/our-location\/","title":{"rendered":"Our Location"},"content":{"rendered":"\n  <div class=\"banner has-hover banner-dau-trang\" id=\"banner-1524099007\">\n          <div class=\"banner-inner fill\">\n        <div class=\"banner-bg fill\" >\n            <img loading=\"lazy\" decoding=\"async\" width=\"1260\" height=\"681\" src=\"https:\/\/vuontieuhaiduong.com\/wp-content\/uploads\/2025\/05\/du-lich-dao-phu-quoc-bang-tau-cao-toc-hay-pha-cao-toc-1.jpeg\" class=\"bg attachment-original size-original\" alt=\"\" \/>                        <div class=\"overlay\"><\/div>            \n                    <\/div>\n\t\t\n        <div class=\"banner-layers container\">\n            <div class=\"fill banner-link\"><\/div>            \n   <div id=\"text-box-1832368242\" class=\"text-box banner-layer x50 md-x50 lg-x50 y75 md-y75 lg-y75 res-text\">\n                                <div class=\"text-box-content text dark\">\n              \n              <div class=\"text-inner text-left\">\n                  \n<h2 style=\"font-size: 55px; font-weight: bold; letter-spacing: -1px; margin: 0; text-align: left;\">V\u1ecb tr\u00ed c\u1ee7a ch\u00fang t\u00f4i<\/h2>\n              <\/div>\n           <\/div>\n                            \n<style>\n#text-box-1832368242 {\n  width: 83%;\n}\n#text-box-1832368242 .text-box-content {\n  font-size: 100%;\n}\n<\/style>\n    <\/div>\n \n        <\/div>\n      <\/div>\n\n            \n<style>\n#banner-1524099007 {\n  padding-top: 30%;\n}\n#banner-1524099007 .overlay {\n  background-color: rgba(0,0,0,.5);\n}\n<\/style>\n  <\/div>\n\n\n\n\t<section class=\"section section1 section1-1\" id=\"section_1642757827\">\n\t\t<div class=\"section-bg fill\" >\n\t\t\t\t\t\t\t\t\t\n\t\t\t\n\t<div class=\"is-border\"\n\t\tstyle=\"border-width:0px 0px 0px 0px;margin:0px 0px 0px 0px;\">\n\t<\/div>\n\n\t\t<\/div>\n\n\t\t\n\n\t\t<div class=\"section-content relative\">\n\t\t\t\n<div class=\"row row-small\"  id=\"row-448234241\">\n\n\t<div id=\"col-1631763701\" class=\"col small-12 large-12\"  >\n\t\t\t\t<div class=\"col-inner\"  >\n\t\t\t\n\t\t\t\n<p style=\"font-size:20px\">N\u1eb1m t\u1ea1i v\u00f9ng \u0111\u1ea5t Ph\u00fa Qu\u1ed1c \u0111\u1ea7y n\u1eafng v\u00e0 gi\u00f3, V\u01b0\u1eddn Ti\u00eau Hai D\u01b0\u01a1ng l\u00e0 m\u1ed9t ph\u1ea7n c\u1ee7a h\u00f2n \u0111\u1ea3o ng\u1ecdc n\u1ed5i ti\u1ebfng v\u1edbi thi\u00ean nhi\u00ean trong l\u00e0nh v\u00e0 truy\u1ec1n th\u1ed1ng tr\u1ed3ng ti\u00eau l\u00e2u \u0111\u1eddi. Trang tr\u1ea1i c\u1ee7a ch\u00fang t\u00f4i t\u1ecda l\u1ea1c c\u00e1ch khu v\u1ef1c tr\u1ed3ng ti\u00eau \u0111\u1ea7u ti\u00ean c\u1ee7a \u00f4ng n\u1ed9i kho\u1ea3ng 1km, n\u01a1i nh\u1eefng h\u00e0ng ti\u00eau xanh m\u01b0\u1edbt h\u00f2a m\u00ecnh v\u00e0o c\u1ea3nh s\u1eafc thi\u00ean nhi\u00ean \u0111\u1eb7c tr\u01b0ng c\u1ee7a \u0111\u1ea3o.<\/p>\n\n  <div class=\"banner has-hover\" id=\"banner-2049568290\">\n          <div class=\"banner-inner fill\">\n        <div class=\"banner-bg fill\" >\n            <img loading=\"lazy\" decoding=\"async\" width=\"1020\" height=\"943\" src=\"https:\/\/vuontieuhaiduong.com\/wp-content\/uploads\/2025\/05\/Picture7-1-1024x947.jpg\" class=\"bg attachment-large size-large\" alt=\"\" \/>                                    \n                    <\/div>\n\t\t\n        <div class=\"banner-layers container\">\n            <div class=\"fill banner-link\"><\/div>            \n        <\/div>\n      <\/div>\n\n            \n<style>\n#banner-2049568290 {\n  padding-top: 500px;\n}\n<\/style>\n  <\/div>\n\n\n<p style=\"font-size:20px; padding-top: 20px\">Ph\u00fa Qu\u1ed1c kh\u00f4ng ch\u1ec9 l\u00e0 qu\u00ea h\u01b0\u01a1ng c\u1ee7a nh\u1eefng h\u1ea1t ti\u00eau th\u01a1m ngon m\u00e0 c\u00f2n l\u00e0 n\u01a1i b\u1ea1n c\u00f3 th\u1ec3 tr\u1ea3i nghi\u1ec7m v\u1ebb \u0111\u1eb9p y\u00ean b\u00ecnh c\u1ee7a mi\u1ec1n bi\u1ec3n, v\u1edbi nh\u1eefng c\u00e1nh \u0111\u1ed3ng ti\u00eau tr\u1ea3i d\u00e0i v\u00e0 kh\u00f4ng kh\u00ed trong l\u00e0nh.<\/p>\n\n  <div class=\"banner has-hover\" id=\"banner-1338278013\">\n          <div class=\"banner-inner fill\">\n        <div class=\"banner-bg fill\" >\n            <img loading=\"lazy\" decoding=\"async\" width=\"736\" height=\"551\" src=\"https:\/\/vuontieuhaiduong.com\/wp-content\/uploads\/2025\/05\/2bbcf1f7441a7aa7df8d29982a6dfbf3.jpg\" class=\"bg attachment-2048x2048 size-2048x2048\" alt=\"\" \/>                                    \n                    <\/div>\n\t\t\n        <div class=\"banner-layers container\">\n            <div class=\"fill banner-link\"><\/div>            \n        <\/div>\n      <\/div>\n\n            \n<style>\n#banner-1338278013 {\n  padding-top: 500px;\n}\n<\/style>\n  <\/div>\n\n\n\t\t<\/div>\n\t\t\t\t\t<\/div>\n\n\t\n<\/div>\n\t\t<\/div>\n\n\t\t\n<style>\n#section_1642757827 {\n  padding-top: 40px;\n  padding-bottom: 40px;\n}\n<\/style>\n\t<\/section>\n\t\n","protected":false},"excerpt":{"rendered":"","protected":false},"author":2,"featured_media":0,"parent":0,"menu_order":0,"comment_status":"closed","ping_status":"closed","template":"page-blank.php","meta":{"footnotes":""},"class_list":["post-48","page","type-page","status-publish","hentry"],"yoast_head":"<!-- This site is optimized with the Yoast SEO Premium plugin v23.9 (Yoast SEO v23.9) - https:\/\/yoast.com\/wordpress\/plugins\/seo\/ -->\n<title>Our Location - Pepper Farm<\/title>\n<meta name=\"robots\" content=\"index, follow, max-snippet:-1, max-image-preview:large, max-video-preview:-1\" \/>\n<link rel=\"canonical\" href=\"https:\/\/vuontieuhaiduong.com\/vi\/our-location\/\" \/>\n<meta property=\"og:locale\" content=\"vi_VN\" \/>\n<meta property=\"og:type\" content=\"article\" \/>\n<meta property=\"og:title\" content=\"Our Location\" \/>\n<meta property=\"og:url\" content=\"https:\/\/vuontieuhaiduong.com\/vi\/our-location\/\" \/>\n<meta property=\"og:site_name\" content=\"Pepper Farm\" \/>\n<meta property=\"article:modified_time\" content=\"2025-05-08T10:26:55+00:00\" \/>\n<meta name=\"twitter:card\" content=\"summary_large_image\" \/>\n<meta name=\"twitter:label1\" content=\"Est. reading time\" \/>\n\t<meta name=\"twitter:data1\" content=\"1 minute\" \/>\n<script type=\"application\/ld+json\" class=\"yoast-schema-graph\">{\"@context\":\"https:\/\/schema.org\",\"@graph\":[{\"@type\":\"WebPage\",\"@id\":\"https:\/\/vuontieuhaiduong.com\/vi\/our-location\/\",\"url\":\"https:\/\/vuontieuhaiduong.com\/vi\/our-location\/\",\"name\":\"Our Location - Pepper Farm\",\"isPartOf\":{\"@id\":\"https:\/\/vuontieuhaiduong.com\/vi\/#website\"},\"datePublished\":\"2023-02-03T02:11:42+00:00\",\"dateModified\":\"2025-05-08T10:26:55+00:00\",\"breadcrumb\":{\"@id\":\"https:\/\/vuontieuhaiduong.com\/vi\/our-location\/#breadcrumb\"},\"inLanguage\":\"vi-VN\",\"potentialAction\":[{\"@type\":\"ReadAction\",\"target\":[\"https:\/\/vuontieuhaiduong.com\/vi\/our-location\/\"]}]},{\"@type\":\"BreadcrumbList\",\"@id\":\"https:\/\/vuontieuhaiduong.com\/vi\/our-location\/#breadcrumb\",\"itemListElement\":[{\"@type\":\"ListItem\",\"position\":1,\"name\":\"Home\",\"item\":\"https:\/\/vuontieuhaiduong.com\/vi\/\"},{\"@type\":\"ListItem\",\"position\":2,\"name\":\"Our Location\"}]},{\"@type\":\"WebSite\",\"@id\":\"https:\/\/vuontieuhaiduong.com\/vi\/#website\",\"url\":\"https:\/\/vuontieuhaiduong.com\/vi\/\",\"name\":\"Hai Duong Pepper Farm\",\"description\":\"Family farm tour\",\"publisher\":{\"@id\":\"https:\/\/vuontieuhaiduong.com\/vi\/#organization\"},\"potentialAction\":[{\"@type\":\"SearchAction\",\"target\":{\"@type\":\"EntryPoint\",\"urlTemplate\":\"https:\/\/vuontieuhaiduong.com\/vi\/?s={search_term_string}\"},\"query-input\":{\"@type\":\"PropertyValueSpecification\",\"valueRequired\":true,\"valueName\":\"search_term_string\"}}],\"inLanguage\":\"vi-VN\"},{\"@type\":\"Organization\",\"@id\":\"https:\/\/vuontieuhaiduong.com\/vi\/#organization\",\"name\":\"Hai Duong Pepper Farm\",\"url\":\"https:\/\/vuontieuhaiduong.com\/vi\/\",\"logo\":{\"@type\":\"ImageObject\",\"inLanguage\":\"vi-VN\",\"@id\":\"https:\/\/vuontieuhaiduong.com\/vi\/#\/schema\/logo\/image\/\",\"url\":\"https:\/\/vuontieuhaiduong.com\/wp-content\/uploads\/2025\/05\/Logo_v8.png\",\"contentUrl\":\"https:\/\/vuontieuhaiduong.com\/wp-content\/uploads\/2025\/05\/Logo_v8.png\",\"width\":830,\"height\":356,\"caption\":\"Hai Duong Pepper Farm\"},\"image\":{\"@id\":\"https:\/\/vuontieuhaiduong.com\/vi\/#\/schema\/logo\/image\/\"}}]}<\/script>\n<!-- \/ Yoast SEO Premium plugin. -->","yoast_head_json":{"title":"Our Location - Pepper Farm","robots":{"index":"index","follow":"follow","max-snippet":"max-snippet:-1","max-image-preview":"max-image-preview:large","max-video-preview":"max-video-preview:-1"},"canonical":"https:\/\/vuontieuhaiduong.com\/vi\/our-location\/","og_locale":"vi_VN","og_type":"article","og_title":"Our Location","og_url":"https:\/\/vuontieuhaiduong.com\/vi\/our-location\/","og_site_name":"Pepper Farm","article_modified_time":"2025-05-08T10:26:55+00:00","twitter_card":"summary_large_image","twitter_misc":{"Est. reading time":"1 minute"},"schema":{"@context":"https:\/\/schema.org","@graph":[{"@type":"WebPage","@id":"https:\/\/vuontieuhaiduong.com\/vi\/our-location\/","url":"https:\/\/vuontieuhaiduong.com\/vi\/our-location\/","name":"Our Location - Pepper Farm","isPartOf":{"@id":"https:\/\/vuontieuhaiduong.com\/vi\/#website"},"datePublished":"2023-02-03T02:11:42+00:00","dateModified":"2025-05-08T10:26:55+00:00","breadcrumb":{"@id":"https:\/\/vuontieuhaiduong.com\/vi\/our-location\/#breadcrumb"},"inLanguage":"vi-VN","potentialAction":[{"@type":"ReadAction","target":["https:\/\/vuontieuhaiduong.com\/vi\/our-location\/"]}]},{"@type":"BreadcrumbList","@id":"https:\/\/vuontieuhaiduong.com\/vi\/our-location\/#breadcrumb","itemListElement":[{"@type":"ListItem","position":1,"name":"Home","item":"https:\/\/vuontieuhaiduong.com\/vi\/"},{"@type":"ListItem","position":2,"name":"Our Location"}]},{"@type":"WebSite","@id":"https:\/\/vuontieuhaiduong.com\/vi\/#website","url":"https:\/\/vuontieuhaiduong.com\/vi\/","name":"Hai Duong Pepper Farm","description":"Family farm tour","publisher":{"@id":"https:\/\/vuontieuhaiduong.com\/vi\/#organization"},"potentialAction":[{"@type":"SearchAction","target":{"@type":"EntryPoint","urlTemplate":"https:\/\/vuontieuhaiduong.com\/vi\/?s={search_term_string}"},"query-input":{"@type":"PropertyValueSpecification","valueRequired":true,"valueName":"search_term_string"}}],"inLanguage":"vi-VN"},{"@type":"Organization","@id":"https:\/\/vuontieuhaiduong.com\/vi\/#organization","name":"Hai Duong Pepper Farm","url":"https:\/\/vuontieuhaiduong.com\/vi\/","logo":{"@type":"ImageObject","inLanguage":"vi-VN","@id":"https:\/\/vuontieuhaiduong.com\/vi\/#\/schema\/logo\/image\/","url":"https:\/\/vuontieuhaiduong.com\/wp-content\/uploads\/2025\/05\/Logo_v8.png","contentUrl":"https:\/\/vuontieuhaiduong.com\/wp-content\/uploads\/2025\/05\/Logo_v8.png","width":830,"height":356,"caption":"Hai Duong Pepper Farm"},"image":{"@id":"https:\/\/vuontieuhaiduong.com\/vi\/#\/schema\/logo\/image\/"}}]}},"_links":{"self":[{"href":"https:\/\/vuontieuhaiduong.com\/vi\/wp-json\/wp\/v2\/pages\/48","targetHints":{"allow":["GET"]}}],"collection":[{"href":"https:\/\/vuontieuhaiduong.com\/vi\/wp-json\/wp\/v2\/pages"}],"about":[{"href":"https:\/\/vuontieuhaiduong.com\/vi\/wp-json\/wp\/v2\/types\/page"}],"author":[{"embeddable":true,"href":"https:\/\/vuontieuhaiduong.com\/vi\/wp-json\/wp\/v2\/users\/2"}],"replies":[{"embeddable":true,"href":"https:\/\/vuontieuhaiduong.com\/vi\/wp-json\/wp\/v2\/comments?post=48"}],"version-history":[{"count":20,"href":"https:\/\/vuontieuhaiduong.com\/vi\/wp-json\/wp\/v2\/pages\/48\/revisions"}],"predecessor-version":[{"id":1040,"href":"https:\/\/vuontieuhaiduong.com\/vi\/wp-json\/wp\/v2\/pages\/48\/revisions\/1040"}],"wp:attachment":[{"href":"https:\/\/vuontieuhaiduong.com\/vi\/wp-json\/wp\/v2\/media?parent=48"}],"curies":[{"name":"wp","href":"https:\/\/api.w.org\/{rel}","templated":true}]}}